{"id":17,"date":"2025-10-26T13:24:52","date_gmt":"2025-10-26T13:24:52","guid":{"rendered":"https:\/\/mmesec.mojweb.com.hr\/index.php\/blog\/"},"modified":"2025-10-28T18:10:57","modified_gmt":"2025-10-28T18:10:57","slug":"blog","status":"publish","type":"page","link":"https:\/\/mmesec.mojweb.com.hr\/index.php\/blog\/","title":{"rendered":"Blog"},"content":{"rendered":"\t\t<div data-elementor-type=\"wp-page\" data-elementor-id=\"17\" class=\"elementor elementor-17\">\n\t\t\t\t<div class=\"elementor-element elementor-element-afcbbff e-flex e-con-boxed e-con e-parent\" data-id=\"afcbbff\" data-element_type=\"container\" data-settings=\"{&quot;background_background&quot;:&quot;classic&quot;}\">\n\t\t\t\t\t<div class=\"e-con-inner\">\n\t\t<div class=\"elementor-element elementor-element-924c331 e-con-full e-flex e-con e-child\" data-id=\"924c331\" data-element_type=\"container\">\n\t\t\t\t<div class=\"elementor-element elementor-element-6192d4b elementor-widget elementor-widget-heading\" data-id=\"6192d4b\" data-element_type=\"widget\" data-widget_type=\"heading.default\">\n\t\t\t\t\t<h5 class=\"elementor-heading-title elementor-size-default\">Pratite na\u0161 blog!<\/h5>\t\t\t\t<\/div>\n\t\t\t\t<div class=\"elementor-element elementor-element-5c6ffb5 elementor-widget__width-initial elementor-widget elementor-widget-heading\" data-id=\"5c6ffb5\" data-element_type=\"widget\" data-widget_type=\"heading.default\">\n\t\t\t\t\t<h2 class=\"elementor-heading-title elementor-size-default\">Pomo\u0107i \u0107emo vam da prona\u0111ete odgovore na va\u0161a pitanja!<\/h2>\t\t\t\t<\/div>\n\t\t\t\t<div class=\"elementor-element elementor-element-080f2e6 elementor-widget__width-initial elementor-widget elementor-widget-text-editor\" data-id=\"080f2e6\" data-element_type=\"widget\" data-widget_type=\"text-editor.default\">\n\t\t\t\t\t\t\t\t\t<p>Otkrit \u0107emo vam vi\u0161e i manje poznate tajne uspje\u0161nog su\u017eivota s va\u0161im &#8220;zelenim prijateljima&#8221;.<\/p>\t\t\t\t\t\t\t\t<\/div>\n\t\t<div class=\"elementor-element elementor-element-0ddfc1c e-con-full e-flex e-con e-child\" data-id=\"0ddfc1c\" data-element_type=\"container\">\n\t\t\t\t<div class=\"elementor-element elementor-element-1d0df00 elementor-widget__width-auto elementor-mobile-align-right elementor-widget elementor-widget-button\" data-id=\"1d0df00\" data-element_type=\"widget\" data-widget_type=\"button.default\">\n\t\t\t\t\t\t\t\t\t\t<a class=\"elementor-button elementor-button-link elementor-size-sm\" href=\"#\">\n\t\t\t\t\t\t<span class=\"elementor-button-content-wrapper\">\n\t\t\t\t\t\t\t\t\t<span class=\"elementor-button-text\">Saznaj vi\u0161e<\/span>\n\t\t\t\t\t<\/span>\n\t\t\t\t\t<\/a>\n\t\t\t\t\t\t\t\t<\/div>\n\t\t\t\t<\/div>\n\t\t\t\t<\/div>\n\t\t\t\t\t<\/div>\n\t\t\t\t<\/div>\n\t\t<div class=\"elementor-element elementor-element-10ddc48 e-con-full e-flex e-con e-parent\" data-id=\"10ddc48\" data-element_type=\"container\">\n\t\t<div class=\"elementor-element elementor-element-ede2c1a e-con-full e-flex e-con e-child\" data-id=\"ede2c1a\" data-element_type=\"container\">\n\t\t\t\t<div class=\"elementor-element elementor-element-170547b elementor-widget elementor-widget-heading\" data-id=\"170547b\" data-element_type=\"widget\" data-widget_type=\"heading.default\">\n\t\t\t\t\t<h2 class=\"elementor-heading-title elementor-size-default\">Zelena inspiracije za strastvene ljubitelje biljaka<\/h2>\t\t\t\t<\/div>\n\t\t\t\t<div class=\"elementor-element elementor-element-46832a8 elementor-widget elementor-widget-text-editor\" data-id=\"46832a8\" data-element_type=\"widget\" data-widget_type=\"text-editor.default\">\n\t\t\t\t\t\t\t\t\t<p>Dobrodo\u0161li u na\u0161 kutak posve\u0107en ljubavi prema biljkama! Ovdje dijelimo savjete, trikove i inspiraciju za sve ljubitelje prirode. Na\u0161a misija je potaknuti vas da istra\u017eujete, njegujete i u\u017eivate u svemu \u0161to biljke nude.<br>Pridru\u017eite se na\u0161oj zajednici i zajedno rastimo! Svaki korak vodi nas prema zdravijem \u017eivotu, ljep\u0161im prostorima i dubljem razumijevanju prirode.<\/p>\t\t\t\t\t\t\t\t<\/div>\n\t\t\t\t<\/div>\n\t\t\t\t<\/div>\n\t\t<div class=\"elementor-element elementor-element-ffad478 e-flex e-con-boxed e-con e-parent\" data-id=\"ffad478\" data-element_type=\"container\" data-settings=\"{&quot;background_background&quot;:&quot;classic&quot;}\">\n\t\t\t\t\t<div class=\"e-con-inner\">\n\t\t<div class=\"elementor-element elementor-element-7b02478 e-con-full e-flex e-con e-child\" data-id=\"7b02478\" data-element_type=\"container\">\n\t\t\t\t<div class=\"elementor-element elementor-element-901dd73 elementor-widget elementor-widget-heading\" data-id=\"901dd73\" data-element_type=\"widget\" data-widget_type=\"heading.default\">\n\t\t\t\t\t<h2 class=\"elementor-heading-title elementor-size-default\">Neka od naj\u010de\u0161\u0107ih pitanja s kojima se susre\u0107emo<\/h2>\t\t\t\t<\/div>\n\t\t\t\t<div class=\"elementor-element elementor-element-71f25f0 elementor-widget elementor-widget-text-editor\" data-id=\"71f25f0\" data-element_type=\"widget\" data-widget_type=\"text-editor.default\">\n\t\t\t\t\t\t\t\t\t<p>Zanima vas ne\u0161to? Na dobrom ste mjestu. Ovdje mo\u017eete prona\u0107i neka od \u010destih pitanja kod uzgoja biljaka iodgovore na njih.<\/p>\t\t\t\t\t\t\t\t<\/div>\n\t\t\t\t<div class=\"elementor-element elementor-element-74719ff elementor-button-info elementor-widget elementor-widget-button\" data-id=\"74719ff\" data-element_type=\"widget\" data-widget_type=\"button.default\">\n\t\t\t\t\t\t\t\t\t\t<a class=\"elementor-button elementor-button-link elementor-size-sm\" href=\"#\">\n\t\t\t\t\t\t<span class=\"elementor-button-content-wrapper\">\n\t\t\t\t\t\t<span class=\"elementor-button-icon\">\n\t\t\t\t<svg aria-hidden=\"true\" class=\"e-font-icon-svg e-far-comment\" viewBox=\"0 0 512 512\" xmlns=\"http:\/\/www.w3.org\/2000\/svg\"><path d=\"M256 32C114.6 32 0 125.1 0 240c0 47.6 19.9 91.2 52.9 126.3C38 405.7 7 439.1 6.5 439.5c-6.6 7-8.4 17.2-4.6 26S14.4 480 24 480c61.5 0 110-25.7 139.1-46.3C192 442.8 223.2 448 256 448c141.4 0 256-93.1 256-208S397.4 32 256 32zm0 368c-26.7 0-53.1-4.1-78.4-12.1l-22.7-7.2-19.5 13.8c-14.3 10.1-33.9 21.4-57.5 29 7.3-12.1 14.4-25.7 19.9-40.2l10.6-28.1-20.6-21.8C69.7 314.1 48 282.2 48 240c0-88.2 93.3-160 208-160s208 71.8 208 160-93.3 160-208 160z\"><\/path><\/svg>\t\t\t<\/span>\n\t\t\t\t\t\t\t\t\t<span class=\"elementor-button-text\">Kontaktirajte nas<\/span>\n\t\t\t\t\t<\/span>\n\t\t\t\t\t<\/a>\n\t\t\t\t\t\t\t\t<\/div>\n\t\t\t\t<\/div>\n\t\t<div class=\"elementor-element elementor-element-f5ab3ee e-con-full e-flex e-con e-child\" data-id=\"f5ab3ee\" data-element_type=\"container\">\n\t\t\t\t<div class=\"elementor-element elementor-element-f00d23f elementor-widget elementor-widget-n-accordion\" data-id=\"f00d23f\" data-element_type=\"widget\" data-settings=\"{&quot;default_state&quot;:&quot;expanded&quot;,&quot;max_items_expended&quot;:&quot;one&quot;,&quot;n_accordion_animation_duration&quot;:{&quot;unit&quot;:&quot;ms&quot;,&quot;size&quot;:400,&quot;sizes&quot;:[]}}\" data-widget_type=\"nested-accordion.default\">\n\t\t\t\t\t\t\t<div class=\"e-n-accordion\" aria-label=\"Accordion. Open links with Enter or Space, close with Escape, and navigate with Arrow Keys\">\n\t\t\t\t\t\t<details id=\"e-n-accordion-item-2510\" class=\"e-n-accordion-item\" open>\n\t\t\t\t<summary class=\"e-n-accordion-item-title\" data-accordion-index=\"1\" tabindex=\"0\" aria-expanded=\"true\" aria-controls=\"e-n-accordion-item-2510\" >\n\t\t\t\t\t<span class='e-n-accordion-item-title-header'><div class=\"e-n-accordion-item-title-text\"> Koje biljke su najbolje za po\u010detnike? <\/div><\/span>\n\t\t\t\t\t\t\t<span class='e-n-accordion-item-title-icon'>\n\t\t\t<span class='e-opened' ><svg aria-hidden=\"true\" class=\"e-font-icon-svg e-fas-minus\" viewBox=\"0 0 448 512\" xmlns=\"http:\/\/www.w3.org\/2000\/svg\"><path d=\"M416 208H32c-17.67 0-32 14.33-32 32v32c0 17.67 14.33 32 32 32h384c17.67 0 32-14.33 32-32v-32c0-17.67-14.33-32-32-32z\"><\/path><\/svg><\/span>\n\t\t\t<span class='e-closed'><svg aria-hidden=\"true\" class=\"e-font-icon-svg e-fas-plus\" viewBox=\"0 0 448 512\" xmlns=\"http:\/\/www.w3.org\/2000\/svg\"><path d=\"M416 208H272V64c0-17.67-14.33-32-32-32h-32c-17.67 0-32 14.33-32 32v144H32c-17.67 0-32 14.33-32 32v32c0 17.67 14.33 32 32 32h144v144c0 17.67 14.33 32 32 32h32c17.67 0 32-14.33 32-32V304h144c17.67 0 32-14.33 32-32v-32c0-17.67-14.33-32-32-32z\"><\/path><\/svg><\/span>\n\t\t<\/span>\n\n\t\t\t\t\t\t<\/summary>\n\t\t\t\t<div role=\"region\" aria-labelledby=\"e-n-accordion-item-2510\" class=\"elementor-element elementor-element-7d150a5 e-con-full e-flex e-con e-child\" data-id=\"7d150a5\" data-element_type=\"container\">\n\t\t\t\t<div class=\"elementor-element elementor-element-0762e96 elementor-widget elementor-widget-text-editor\" data-id=\"0762e96\" data-element_type=\"widget\" data-widget_type=\"text-editor.default\">\n\t\t\t\t\t\t\t\t\t<p>Nema biljaka koje su namijenjene isklju\u010divo po\u010detnicima, ali \u010desto se biljke koje ne zahtijevaju previ\u0161e zalijevanja i svjetla, tuma\u010de kako biljke za po\u010detnike, npr. fikusi, monstere, sukulenti.<\/p>\t\t\t\t\t\t\t\t<\/div>\n\t\t\t\t<\/div>\n\t\t\t\t\t<\/details>\n\t\t\t\t\t\t<details id=\"e-n-accordion-item-2511\" class=\"e-n-accordion-item\" >\n\t\t\t\t<summary class=\"e-n-accordion-item-title\" data-accordion-index=\"2\" tabindex=\"-1\" aria-expanded=\"false\" aria-controls=\"e-n-accordion-item-2511\" >\n\t\t\t\t\t<span class='e-n-accordion-item-title-header'><div class=\"e-n-accordion-item-title-text\"> Mogu li se biljke uspje\u0161no uzgajati i u manjim stanovima <\/div><\/span>\n\t\t\t\t\t\t\t<span class='e-n-accordion-item-title-icon'>\n\t\t\t<span class='e-opened' ><svg aria-hidden=\"true\" class=\"e-font-icon-svg e-fas-minus\" viewBox=\"0 0 448 512\" xmlns=\"http:\/\/www.w3.org\/2000\/svg\"><path d=\"M416 208H32c-17.67 0-32 14.33-32 32v32c0 17.67 14.33 32 32 32h384c17.67 0 32-14.33 32-32v-32c0-17.67-14.33-32-32-32z\"><\/path><\/svg><\/span>\n\t\t\t<span class='e-closed'><svg aria-hidden=\"true\" class=\"e-font-icon-svg e-fas-plus\" viewBox=\"0 0 448 512\" xmlns=\"http:\/\/www.w3.org\/2000\/svg\"><path d=\"M416 208H272V64c0-17.67-14.33-32-32-32h-32c-17.67 0-32 14.33-32 32v144H32c-17.67 0-32 14.33-32 32v32c0 17.67 14.33 32 32 32h144v144c0 17.67 14.33 32 32 32h32c17.67 0 32-14.33 32-32V304h144c17.67 0 32-14.33 32-32v-32c0-17.67-14.33-32-32-32z\"><\/path><\/svg><\/span>\n\t\t<\/span>\n\n\t\t\t\t\t\t<\/summary>\n\t\t\t\t<div role=\"region\" aria-labelledby=\"e-n-accordion-item-2511\" class=\"elementor-element elementor-element-0f4a230 e-con-full e-flex e-con e-child\" data-id=\"0f4a230\" data-element_type=\"container\">\n\t\t\t\t<div class=\"elementor-element elementor-element-a86a07c elementor-widget elementor-widget-text-editor\" data-id=\"a86a07c\" data-element_type=\"widget\" data-widget_type=\"text-editor.default\">\n\t\t\t\t\t\t\t\t\t<p>Kvadratura stana ne odre\u0111uje ho\u0107ete ili ne\u0107ete imati biljaka u tom stanu, niti ho\u0107ete li biti uspje\u0161ni u njihovom uzgoju, ali kod manjih stanova biste trebali izbjegavati biljke koje mogu zahtijevati vi\u0161e prostora. Tako\u0111er, kod odabira biljaka biste trebali uzeti u obzir koli\u010dinu svjetlosti koju imate u stanu.<\/p>\t\t\t\t\t\t\t\t<\/div>\n\t\t\t\t<\/div>\n\t\t\t\t\t<\/details>\n\t\t\t\t\t\t<details id=\"e-n-accordion-item-2512\" class=\"e-n-accordion-item\" >\n\t\t\t\t<summary class=\"e-n-accordion-item-title\" data-accordion-index=\"3\" tabindex=\"-1\" aria-expanded=\"false\" aria-controls=\"e-n-accordion-item-2512\" >\n\t\t\t\t\t<span class='e-n-accordion-item-title-header'><div class=\"e-n-accordion-item-title-text\"> Koliko \u010desto trebam zalijevati biljke? <\/div><\/span>\n\t\t\t\t\t\t\t<span class='e-n-accordion-item-title-icon'>\n\t\t\t<span class='e-opened' ><svg aria-hidden=\"true\" class=\"e-font-icon-svg e-fas-minus\" viewBox=\"0 0 448 512\" xmlns=\"http:\/\/www.w3.org\/2000\/svg\"><path d=\"M416 208H32c-17.67 0-32 14.33-32 32v32c0 17.67 14.33 32 32 32h384c17.67 0 32-14.33 32-32v-32c0-17.67-14.33-32-32-32z\"><\/path><\/svg><\/span>\n\t\t\t<span class='e-closed'><svg aria-hidden=\"true\" class=\"e-font-icon-svg e-fas-plus\" viewBox=\"0 0 448 512\" xmlns=\"http:\/\/www.w3.org\/2000\/svg\"><path d=\"M416 208H272V64c0-17.67-14.33-32-32-32h-32c-17.67 0-32 14.33-32 32v144H32c-17.67 0-32 14.33-32 32v32c0 17.67 14.33 32 32 32h144v144c0 17.67 14.33 32 32 32h32c17.67 0 32-14.33 32-32V304h144c17.67 0 32-14.33 32-32v-32c0-17.67-14.33-32-32-32z\"><\/path><\/svg><\/span>\n\t\t<\/span>\n\n\t\t\t\t\t\t<\/summary>\n\t\t\t\t<div role=\"region\" aria-labelledby=\"e-n-accordion-item-2512\" class=\"elementor-element elementor-element-996e85d e-con-full e-flex e-con e-child\" data-id=\"996e85d\" data-element_type=\"container\">\n\t\t\t\t<div class=\"elementor-element elementor-element-5606853 elementor-widget elementor-widget-text-editor\" data-id=\"5606853\" data-element_type=\"widget\" data-widget_type=\"text-editor.default\">\n\t\t\t\t\t\t\t\t\t<p>U\u010destalost zalijevanja ovisi o vrsti biljaka i njihovim specifi\u010dnim zahtjevima. Ako vas zanimaju informacije o nekoj odre\u0111enoj biljci, javite nam se i mo\u017eemo dogovoriti savjetovanje.<\/p>\t\t\t\t\t\t\t\t<\/div>\n\t\t\t\t<\/div>\n\t\t\t\t\t<\/details>\n\t\t\t\t\t\t<details id=\"e-n-accordion-item-2513\" class=\"e-n-accordion-item\" >\n\t\t\t\t<summary class=\"e-n-accordion-item-title\" data-accordion-index=\"4\" tabindex=\"-1\" aria-expanded=\"false\" aria-controls=\"e-n-accordion-item-2513\" >\n\t\t\t\t\t<span class='e-n-accordion-item-title-header'><div class=\"e-n-accordion-item-title-text\"> Trebam li koristiti gnojivo za biljke? <\/div><\/span>\n\t\t\t\t\t\t\t<span class='e-n-accordion-item-title-icon'>\n\t\t\t<span class='e-opened' ><svg aria-hidden=\"true\" class=\"e-font-icon-svg e-fas-minus\" viewBox=\"0 0 448 512\" xmlns=\"http:\/\/www.w3.org\/2000\/svg\"><path d=\"M416 208H32c-17.67 0-32 14.33-32 32v32c0 17.67 14.33 32 32 32h384c17.67 0 32-14.33 32-32v-32c0-17.67-14.33-32-32-32z\"><\/path><\/svg><\/span>\n\t\t\t<span class='e-closed'><svg aria-hidden=\"true\" class=\"e-font-icon-svg e-fas-plus\" viewBox=\"0 0 448 512\" xmlns=\"http:\/\/www.w3.org\/2000\/svg\"><path d=\"M416 208H272V64c0-17.67-14.33-32-32-32h-32c-17.67 0-32 14.33-32 32v144H32c-17.67 0-32 14.33-32 32v32c0 17.67 14.33 32 32 32h144v144c0 17.67 14.33 32 32 32h32c17.67 0 32-14.33 32-32V304h144c17.67 0 32-14.33 32-32v-32c0-17.67-14.33-32-32-32z\"><\/path><\/svg><\/span>\n\t\t<\/span>\n\n\t\t\t\t\t\t<\/summary>\n\t\t\t\t<div role=\"region\" aria-labelledby=\"e-n-accordion-item-2513\" class=\"elementor-element elementor-element-feb9d12 e-flex e-con-boxed e-con e-child\" data-id=\"feb9d12\" data-element_type=\"container\">\n\t\t\t\t\t<div class=\"e-con-inner\">\n\t\t\t\t<div class=\"elementor-element elementor-element-341bb86 elementor-widget elementor-widget-text-editor\" data-id=\"341bb86\" data-element_type=\"widget\" data-widget_type=\"text-editor.default\">\n\t\t\t\t\t\t\t\t\t<p>Biljke je potrebno redovito dohranjivati ovisno o specifi\u010dnim zahtjevima odre\u0111enih vrsta. Najbolji i najlak\u0161i na\u010din je dohranjivanje prilikom zalijevanja.<\/p>\t\t\t\t\t\t\t\t<\/div>\n\t\t\t\t\t<\/div>\n\t\t\t\t<\/div>\n\t\t\t\t\t<\/details>\n\t\t\t\t\t\t<details id=\"e-n-accordion-item-2514\" class=\"e-n-accordion-item\" >\n\t\t\t\t<summary class=\"e-n-accordion-item-title\" data-accordion-index=\"5\" tabindex=\"-1\" aria-expanded=\"false\" aria-controls=\"e-n-accordion-item-2514\" >\n\t\t\t\t\t<span class='e-n-accordion-item-title-header'><div class=\"e-n-accordion-item-title-text\"> Trebaju li biljke puno prirodnog svjetla? <\/div><\/span>\n\t\t\t\t\t\t\t<span class='e-n-accordion-item-title-icon'>\n\t\t\t<span class='e-opened' ><svg aria-hidden=\"true\" class=\"e-font-icon-svg e-fas-minus\" viewBox=\"0 0 448 512\" xmlns=\"http:\/\/www.w3.org\/2000\/svg\"><path d=\"M416 208H32c-17.67 0-32 14.33-32 32v32c0 17.67 14.33 32 32 32h384c17.67 0 32-14.33 32-32v-32c0-17.67-14.33-32-32-32z\"><\/path><\/svg><\/span>\n\t\t\t<span class='e-closed'><svg aria-hidden=\"true\" class=\"e-font-icon-svg e-fas-plus\" viewBox=\"0 0 448 512\" xmlns=\"http:\/\/www.w3.org\/2000\/svg\"><path d=\"M416 208H272V64c0-17.67-14.33-32-32-32h-32c-17.67 0-32 14.33-32 32v144H32c-17.67 0-32 14.33-32 32v32c0 17.67 14.33 32 32 32h144v144c0 17.67 14.33 32 32 32h32c17.67 0 32-14.33 32-32V304h144c17.67 0 32-14.33 32-32v-32c0-17.67-14.33-32-32-32z\"><\/path><\/svg><\/span>\n\t\t<\/span>\n\n\t\t\t\t\t\t<\/summary>\n\t\t\t\t<div role=\"region\" aria-labelledby=\"e-n-accordion-item-2514\" class=\"elementor-element elementor-element-9e24fb7 e-flex e-con-boxed e-con e-child\" data-id=\"9e24fb7\" data-element_type=\"container\">\n\t\t\t\t\t<div class=\"e-con-inner\">\n\t\t\t\t<div class=\"elementor-element elementor-element-d2879a9 elementor-widget elementor-widget-text-editor\" data-id=\"d2879a9\" data-element_type=\"widget\" data-widget_type=\"text-editor.default\">\n\t\t\t\t\t\t\t\t\t<p>Razli\u010dite vrste biljaka imaju razli\u010dite zahtjeve pa tako postoje biljke koje bolje uspijevaju sjenovitom okru\u017eenju, one koje uspijevaju uz indirektnu svjetlost i biljke kojima je potrebna ve\u0107a koli\u010dina prirodne svjetlosti. Vi\u0161e o tome mo\u017eete prona\u0107i i na na\u0161em blogu.<\/p>\t\t\t\t\t\t\t\t<\/div>\n\t\t\t\t\t<\/div>\n\t\t\t\t<\/div>\n\t\t\t\t\t<\/details>\n\t\t\t\t\t<\/div>\n\t\t\t\t\t\t<\/div>\n\t\t\t\t<\/div>\n\t\t\t\t\t<\/div>\n\t\t\t\t<\/div>\n\t\t<div class=\"elementor-element elementor-element-adac303 e-flex e-con-boxed e-con e-parent\" data-id=\"adac303\" data-element_type=\"container\" data-settings=\"{&quot;shape_divider_top&quot;:&quot;opacity-tilt&quot;}\">\n\t\t\t\t\t<div class=\"e-con-inner\">\n\t\t\t\t<div class=\"elementor-shape elementor-shape-top\" aria-hidden=\"true\" data-negative=\"false\">\n\t\t\t<svg xmlns=\"http:\/\/www.w3.org\/2000\/svg\" viewBox=\"0 0 2600 131.1\" preserveAspectRatio=\"none\">\n\t<path class=\"elementor-shape-fill\" d=\"M0 0L2600 0 2600 69.1 0 0z\"\/>\n\t<path class=\"elementor-shape-fill\" style=\"opacity:0.5\" d=\"M0 0L2600 0 2600 69.1 0 69.1z\"\/>\n\t<path class=\"elementor-shape-fill\" style=\"opacity:0.25\" d=\"M2600 0L0 0 0 130.1 2600 69.1z\"\/>\n<\/svg>\t\t<\/div>\n\t\t<div class=\"elementor-element elementor-element-6abaf2a e-con-full e-flex e-con e-child\" data-id=\"6abaf2a\" data-element_type=\"container\">\n\t\t\t\t<div class=\"elementor-element elementor-element-f5b5304 elementor-widget elementor-widget-heading\" data-id=\"f5b5304\" data-element_type=\"widget\" data-widget_type=\"heading.default\">\n\t\t\t\t\t<h2 class=\"elementor-heading-title elementor-size-default\">Kategorije \u010dlanaka<\/h2>\t\t\t\t<\/div>\n\t\t\t\t<div class=\"elementor-element elementor-element-7fcb79c elementor-widget elementor-widget-text-editor\" data-id=\"7fcb79c\" data-element_type=\"widget\" data-widget_type=\"text-editor.default\">\n\t\t\t\t\t\t\t\t\t<p>Ovdje prona\u0111ite sve na\u0161e zanimljive kategorije i teme o kojima volimo pisati. Bilo da ste po\u010detnik ili iskusni entuzijast, sigurno \u0107ete prona\u0107i inspiraciju i korisne informacije!<\/p>\t\t\t\t\t\t\t\t<\/div>\n\t\t\t\t<\/div>\n\t\t<div class=\"elementor-element elementor-element-9befbc8 e-con-full e-flex e-con e-child\" data-id=\"9befbc8\" data-element_type=\"container\">\n\t\t\t\t<div class=\"elementor-element elementor-element-0d4d5ea elementor-widget elementor-widget-heading\" data-id=\"0d4d5ea\" data-element_type=\"widget\" data-widget_type=\"heading.default\">\n\t\t\t\t\t<h2 class=\"elementor-heading-title elementor-size-default\">Otkrivanje novih tema<\/h2>\t\t\t\t<\/div>\n\t\t\t\t<div class=\"elementor-element elementor-element-4db0716 elementor-widget elementor-widget-text-editor\" data-id=\"4db0716\" data-element_type=\"widget\" data-widget_type=\"text-editor.default\">\n\t\t\t\t\t\t\t\t\t<p>Svaka kategorija nudi dodatne informacije, savjete i smjernice. Istra\u017eite bogatstvo informacija koje \u0107e vam pomo\u0107i u uzgoju i brizi o biljka. U\u010dimo i rastimo zajedno!<\/p>\t\t\t\t\t\t\t\t<\/div>\n\t\t\t\t<\/div>\n\t\t\t\t\t<\/div>\n\t\t\t\t<\/div>\n\t\t<div class=\"elementor-element elementor-element-8565eb0 e-flex e-con-boxed e-con e-parent\" data-id=\"8565eb0\" data-element_type=\"container\" data-settings=\"{&quot;shape_divider_bottom&quot;:&quot;opacity-tilt&quot;}\">\n\t\t\t\t\t<div class=\"e-con-inner\">\n\t\t\t\t<div class=\"elementor-shape elementor-shape-bottom\" aria-hidden=\"true\" data-negative=\"false\">\n\t\t\t<svg xmlns=\"http:\/\/www.w3.org\/2000\/svg\" viewBox=\"0 0 2600 131.1\" preserveAspectRatio=\"none\">\n\t<path class=\"elementor-shape-fill\" d=\"M0 0L2600 0 2600 69.1 0 0z\"\/>\n\t<path class=\"elementor-shape-fill\" style=\"opacity:0.5\" d=\"M0 0L2600 0 2600 69.1 0 69.1z\"\/>\n\t<path class=\"elementor-shape-fill\" style=\"opacity:0.25\" d=\"M2600 0L0 0 0 130.1 2600 69.1z\"\/>\n<\/svg>\t\t<\/div>\n\t\t<div class=\"elementor-element elementor-element-690ccab e-con-full e-flex e-con e-child\" data-id=\"690ccab\" data-element_type=\"container\">\n\t\t\t\t<div class=\"elementor-element elementor-element-9b29d59 elementor-widget elementor-widget-heading\" data-id=\"9b29d59\" data-element_type=\"widget\" data-widget_type=\"heading.default\">\n\t\t\t\t\t<h2 class=\"elementor-heading-title elementor-size-default\">Kategorije i teme<\/h2>\t\t\t\t<\/div>\n\t\t\t\t<div class=\"elementor-element elementor-element-664e157 elementor-widget elementor-widget-text-editor\" data-id=\"664e157\" data-element_type=\"widget\" data-widget_type=\"text-editor.default\">\n\t\t\t\t\t\t\t\t\t<p><span style=\"text-decoration: underline;\"><strong>Biljke<\/strong><\/span><\/p><ul><li>Aglaonema<\/li><li>Caladium<\/li><li>Ficus<\/li><li>Monstera<\/li><li>Orhideja<\/li><li>Philodendron<\/li><li>Succulent<\/li><\/ul>\t\t\t\t\t\t\t\t<\/div>\n\t\t\t\t<div class=\"elementor-element elementor-element-5dd1354 elementor-widget elementor-widget-text-editor\" data-id=\"5dd1354\" data-element_type=\"widget\" data-widget_type=\"text-editor.default\">\n\t\t\t\t\t\t\t\t\t<p><span style=\"text-decoration: underline;\"><strong>Uvjeti i zahtjevi<\/strong><\/span><\/p><ul><li>U\u010destalost i na\u010din zalijevanja<\/li><li>Dohranjivanje<\/li><li>Koli\u010dina svjetlosti<\/li><li>Vlaga zraka<\/li><\/ul>\t\t\t\t\t\t\t\t<\/div>\n\t\t\t\t<div class=\"elementor-element elementor-element-168b3e3 elementor-widget elementor-widget-text-editor\" data-id=\"168b3e3\" data-element_type=\"widget\" data-widget_type=\"text-editor.default\">\n\t\t\t\t\t\t\t\t\t<p><span style=\"text-decoration: underline;\"><strong>Propagiranje<\/strong><\/span><\/p><ul><li>Vrijeme propagiranja<\/li><li>Na\u010din rezanja<\/li><li>Odabir supstrata i veli\u010dine posuda<\/li><\/ul>\t\t\t\t\t\t\t\t<\/div>\n\t\t\t\t<div class=\"elementor-element elementor-element-168ad7b elementor-widget elementor-widget-text-editor\" data-id=\"168ad7b\" data-element_type=\"widget\" data-widget_type=\"text-editor.default\">\n\t\t\t\t\t\t\t\t\t<p><span style=\"text-decoration: underline;\"><strong>Za\u0161tita biljaka<\/strong><\/span><\/p><ul><li>Za\u0161tita od hladno\u0107e<\/li><li>Prepoznajte ne\u017eeljene &#8220;podstanare&#8221;<\/li><li>Prevencija od \u0161tetnika<\/li><\/ul><p>\u00a0<\/p>\t\t\t\t\t\t\t\t<\/div>\n\t\t\t\t<\/div>\n\t\t<div class=\"elementor-element elementor-element-0f6163c e-con-full e-flex e-con e-child\" data-id=\"0f6163c\" data-element_type=\"container\">\n\t\t\t\t<div class=\"elementor-element elementor-element-4b44460 elementor-widget elementor-widget-image\" data-id=\"4b44460\" data-element_type=\"widget\" data-widget_type=\"image.default\">\n\t\t\t\t\t\t\t\t\t\t\t\t\t\t\t<img fetchpriority=\"high\" decoding=\"async\" width=\"768\" height=\"1024\" src=\"https:\/\/mmesec.mojweb.com.hr\/wp-content\/uploads\/2025\/10\/pexels-mooncrescent-1201798-768x1024.jpg\" class=\"attachment-large size-large wp-image-175\" alt=\"\" srcset=\"https:\/\/mmesec.mojweb.com.hr\/wp-content\/uploads\/2025\/10\/pexels-mooncrescent-1201798-768x1024.jpg 768w, https:\/\/mmesec.mojweb.com.hr\/wp-content\/uploads\/2025\/10\/pexels-mooncrescent-1201798-225x300.jpg 225w, https:\/\/mmesec.mojweb.com.hr\/wp-content\/uploads\/2025\/10\/pexels-mooncrescent-1201798-1152x1536.jpg 1152w, https:\/\/mmesec.mojweb.com.hr\/wp-content\/uploads\/2025\/10\/pexels-mooncrescent-1201798-1536x2048.jpg 1536w, https:\/\/mmesec.mojweb.com.hr\/wp-content\/uploads\/2025\/10\/pexels-mooncrescent-1201798-scaled.jpg 1920w\" sizes=\"(max-width: 768px) 100vw, 768px\" \/>\t\t\t\t\t\t\t\t\t\t\t\t\t\t\t<\/div>\n\t\t\t\t<\/div>\n\t\t\t\t\t<\/div>\n\t\t\t\t<\/div>\n\t\t<div class=\"elementor-element elementor-element-e8f4de3 e-flex e-con-boxed e-con e-parent\" data-id=\"e8f4de3\" data-element_type=\"container\">\n\t\t\t\t\t<div class=\"e-con-inner\">\n\t\t\t\t\t<\/div>\n\t\t\t\t<\/div>\n\t\t\t\t<\/div>\n\t\t","protected":false},"excerpt":{"rendered":"<p>Pratite na\u0161 blog! Pomo\u0107i \u0107emo vam da prona\u0111ete odgovore na va\u0161a pitanja! Otkrit \u0107emo vam vi\u0161e i manje poznate tajne uspje\u0161nog su\u017eivota s va\u0161im &#8220;zelenim prijateljima&#8221;. Saznaj vi\u0161e Zelena inspiracije za strastvene ljubitelje biljaka Dobrodo\u0161li u na\u0161 kutak posve\u0107en ljubavi prema biljkama! Ovdje dijelimo savjete, trikove i inspiraciju za sve ljubitelje prirode. Na\u0161a misija je [&hellip;]<\/p>\n","protected":false},"author":1,"featured_media":0,"parent":0,"menu_order":0,"comment_status":"closed","ping_status":"closed","template":"","meta":{"footnotes":""},"class_list":["post-17","page","type-page","status-publish","hentry"],"_links":{"self":[{"href":"https:\/\/mmesec.mojweb.com.hr\/index.php\/wp-json\/wp\/v2\/pages\/17","targetHints":{"allow":["GET"]}}],"collection":[{"href":"https:\/\/mmesec.mojweb.com.hr\/index.php\/wp-json\/wp\/v2\/pages"}],"about":[{"href":"https:\/\/mmesec.mojweb.com.hr\/index.php\/wp-json\/wp\/v2\/types\/page"}],"author":[{"embeddable":true,"href":"https:\/\/mmesec.mojweb.com.hr\/index.php\/wp-json\/wp\/v2\/users\/1"}],"replies":[{"embeddable":true,"href":"https:\/\/mmesec.mojweb.com.hr\/index.php\/wp-json\/wp\/v2\/comments?post=17"}],"version-history":[{"count":49,"href":"https:\/\/mmesec.mojweb.com.hr\/index.php\/wp-json\/wp\/v2\/pages\/17\/revisions"}],"predecessor-version":[{"id":240,"href":"https:\/\/mmesec.mojweb.com.hr\/index.php\/wp-json\/wp\/v2\/pages\/17\/revisions\/240"}],"wp:attachment":[{"href":"https:\/\/mmesec.mojweb.com.hr\/index.php\/wp-json\/wp\/v2\/media?parent=17"}],"curies":[{"name":"wp","href":"https:\/\/api.w.org\/{rel}","templated":true}]}}