{"id":21,"date":"2025-10-26T13:24:52","date_gmt":"2025-10-26T13:24:52","guid":{"rendered":"https:\/\/mmesec.mojweb.com.hr\/index.php\/usluge\/"},"modified":"2025-10-28T18:15:56","modified_gmt":"2025-10-28T18:15:56","slug":"usluge","status":"publish","type":"page","link":"https:\/\/mmesec.mojweb.com.hr\/index.php\/usluge\/","title":{"rendered":"Usluge"},"content":{"rendered":"\t\t<div data-elementor-type=\"wp-page\" data-elementor-id=\"21\" class=\"elementor elementor-21\">\n\t\t\t\t<div class=\"elementor-element elementor-element-804d2be e-flex e-con-boxed e-con e-parent\" data-id=\"804d2be\" data-element_type=\"container\" data-settings=\"{&quot;background_background&quot;:&quot;classic&quot;}\">\n\t\t\t\t\t<div class=\"e-con-inner\">\n\t\t<div class=\"elementor-element elementor-element-a6d160f e-con-full e-flex e-con e-child\" data-id=\"a6d160f\" data-element_type=\"container\">\n\t\t\t\t<div class=\"elementor-element elementor-element-0f421e9 elementor-widget__width-auto elementor-widget elementor-widget-heading\" data-id=\"0f421e9\" data-element_type=\"widget\" data-widget_type=\"heading.default\">\n\t\t\t\t\t<h1 class=\"elementor-heading-title elementor-size-default\">Otkrijte svijet biljaka<\/h1>\t\t\t\t<\/div>\n\t\t\t\t<div class=\"elementor-element elementor-element-3d61452 elementor-widget elementor-widget-text-editor\" data-id=\"3d61452\" data-element_type=\"widget\" data-widget_type=\"text-editor.default\">\n\t\t\t\t\t\t\t\t\t<p>Dobrodo\u0161li na na\u0161 blog posve\u0107en ljubiteljima biljaka! Neovisno jeste li tek u po\u010decima otkrivanja svoje ljubavi prema biljkama ili ste ve\u0107 strastveni kolekcionar, ovdje \u0107ete prona\u0107i sve o raznovrsnim vrstama biljaka, njihovoj njezi i odr\u017eavanju. Nudimo vam savjete, trikove i informacije kako bi va\u0161 su\u017eivot s biljkama bio \u0161to uspje\u0161niji.<\/p>\t\t\t\t\t\t\t\t<\/div>\n\t\t<div class=\"elementor-element elementor-element-ffd5b58 e-con-full e-flex e-con e-child\" data-id=\"ffd5b58\" data-element_type=\"container\">\n\t\t\t\t<div class=\"elementor-element elementor-element-4672efc elementor-widget__width-auto elementor-widget elementor-widget-button\" data-id=\"4672efc\" data-element_type=\"widget\" data-widget_type=\"button.default\">\n\t\t\t\t\t\t\t\t\t\t<a class=\"elementor-button elementor-button-link elementor-size-sm\" href=\"#\">\n\t\t\t\t\t\t<span class=\"elementor-button-content-wrapper\">\n\t\t\t\t\t\t\t\t\t<span class=\"elementor-button-text\">Saznajte vi\u0161e<\/span>\n\t\t\t\t\t<\/span>\n\t\t\t\t\t<\/a>\n\t\t\t\t\t\t\t\t<\/div>\n\t\t\t\t<\/div>\n\t\t\t\t<\/div>\n\t\t<div class=\"elementor-element elementor-element-97adcfb e-con-full e-flex e-con e-child\" data-id=\"97adcfb\" data-element_type=\"container\">\n\t\t\t\t<\/div>\n\t\t\t\t\t<\/div>\n\t\t\t\t<\/div>\n\t\t<div class=\"elementor-element elementor-element-405c8b0 e-flex e-con-boxed e-con e-parent\" data-id=\"405c8b0\" data-element_type=\"container\" data-settings=\"{&quot;background_background&quot;:&quot;classic&quot;}\">\n\t\t\t\t\t<div class=\"e-con-inner\">\n\t\t<div class=\"elementor-element elementor-element-c510d93 e-con-full e-flex e-con e-child\" data-id=\"c510d93\" data-element_type=\"container\">\n\t\t\t\t<div class=\"elementor-element elementor-element-c1b8148 elementor-widget elementor-widget-image\" data-id=\"c1b8148\" data-element_type=\"widget\" data-widget_type=\"image.default\">\n\t\t\t\t\t\t\t\t\t\t\t\t\t\t\t<img fetchpriority=\"high\" decoding=\"async\" width=\"800\" height=\"534\" src=\"https:\/\/mmesec.mojweb.com.hr\/wp-content\/uploads\/2025\/10\/pexels-shvetsa-5831011-1024x683.jpg\" class=\"attachment-large size-large wp-image-55\" alt=\"\" srcset=\"https:\/\/mmesec.mojweb.com.hr\/wp-content\/uploads\/2025\/10\/pexels-shvetsa-5831011-1024x683.jpg 1024w, https:\/\/mmesec.mojweb.com.hr\/wp-content\/uploads\/2025\/10\/pexels-shvetsa-5831011-300x200.jpg 300w, https:\/\/mmesec.mojweb.com.hr\/wp-content\/uploads\/2025\/10\/pexels-shvetsa-5831011-768x512.jpg 768w, https:\/\/mmesec.mojweb.com.hr\/wp-content\/uploads\/2025\/10\/pexels-shvetsa-5831011-1536x1024.jpg 1536w, https:\/\/mmesec.mojweb.com.hr\/wp-content\/uploads\/2025\/10\/pexels-shvetsa-5831011-2048x1365.jpg 2048w\" sizes=\"(max-width: 800px) 100vw, 800px\" \/>\t\t\t\t\t\t\t\t\t\t\t\t\t\t\t<\/div>\n\t\t\t\t<\/div>\n\t\t<div class=\"elementor-element elementor-element-888ddd1 e-con-full e-flex e-con e-child\" data-id=\"888ddd1\" data-element_type=\"container\">\n\t\t\t\t<div class=\"elementor-element elementor-element-523c0a3 elementor-widget elementor-widget-heading\" data-id=\"523c0a3\" data-element_type=\"widget\" data-widget_type=\"heading.default\">\n\t\t\t\t\t<h2 class=\"elementor-heading-title elementor-size-default\">Na\u0161e usluge<\/h2>\t\t\t\t<\/div>\n\t\t\t\t<div class=\"elementor-element elementor-element-e525d67 elementor-widget elementor-widget-text-editor\" data-id=\"e525d67\" data-element_type=\"widget\" data-widget_type=\"text-editor.default\">\n\t\t\t\t\t\t\t\t\t<p>Upoznajte se s na\u0161im uslugama, \u010diji cilj je educirati sve biljkoljupce i dati vam potrebnu podr\u0161ku, kako biste \u0161to bolje upoznali va\u0161e biljke i njihove potrebe.<\/p><p>Pru\u017eamo edukativne sadr\u017eaje, savjete o njezi i mnogo vi\u0161e. Pridru\u017eite se na\u0161oj zajednici i otkrijte ljepote biljnog svijeta uz nas!<\/p>\t\t\t\t\t\t\t\t<\/div>\n\t\t\t\t<\/div>\n\t\t\t\t\t<\/div>\n\t\t\t\t<\/div>\n\t\t<div class=\"elementor-element elementor-element-bd59c59 e-flex e-con-boxed e-con e-parent\" data-id=\"bd59c59\" data-element_type=\"container\" data-settings=\"{&quot;background_background&quot;:&quot;classic&quot;}\">\n\t\t\t\t\t<div class=\"e-con-inner\">\n\t\t<div class=\"elementor-element elementor-element-6e29435 e-con-full e-flex e-con e-child\" data-id=\"6e29435\" data-element_type=\"container\">\n\t\t\t\t<div class=\"elementor-element elementor-element-ab44b70 elementor-widget elementor-widget-heading\" data-id=\"ab44b70\" data-element_type=\"widget\" data-widget_type=\"heading.default\">\n\t\t\t\t\t<h2 class=\"elementor-heading-title elementor-size-default\">Za\u0161to odabrati na\u0161e usluge?<\/h2>\t\t\t\t<\/div>\n\t\t\t\t<div class=\"elementor-element elementor-element-36ced9c elementor-widget elementor-widget-text-editor\" data-id=\"36ced9c\" data-element_type=\"widget\" data-widget_type=\"text-editor.default\">\n\t\t\t\t\t\t\t\t\t<p>Na\u0161e usluge savjetovanja, presa\u0111ivanja i zalijevanja su tu kako bi po\u010detnicima olak\u0161ale ulazak u svijet biljaka i pru\u017eale potporu ve\u0107 uhodanim hobistima i pravim znalcima. Uz stru\u010dne savjete i bogatstvo resursa, u\u010dinit \u0107emo va\u0161 put ljubitelja biljaka nezaboravnim. Od edukativnih \u010dlanaka do aktivne zajednice \u2013 sve je tu kako bismo podr\u017eali va\u0161e znanje i ljubav prema biljkama.<\/p>\t\t\t\t\t\t\t\t<\/div>\n\t\t\t\t<\/div>\n\t\t<div class=\"elementor-element elementor-element-24cbc8b e-con-full e-flex e-con e-child\" data-id=\"24cbc8b\" data-element_type=\"container\">\n\t\t<div class=\"elementor-element elementor-element-0e5991f e-con-full e-flex e-con e-child\" data-id=\"0e5991f\" data-element_type=\"container\">\n\t\t\t\t<div class=\"elementor-element elementor-element-5a2408d elementor-widget-divider--view-line elementor-widget elementor-widget-divider\" data-id=\"5a2408d\" data-element_type=\"widget\" data-widget_type=\"divider.default\">\n\t\t\t\t\t\t\t<div class=\"elementor-divider\">\n\t\t\t<span class=\"elementor-divider-separator\">\n\t\t\t\t\t\t<\/span>\n\t\t<\/div>\n\t\t\t\t\t\t<\/div>\n\t\t\t\t<div class=\"elementor-element elementor-element-c555e32 elementor-widget elementor-widget-icon-box\" data-id=\"c555e32\" data-element_type=\"widget\" data-widget_type=\"icon-box.default\">\n\t\t\t\t\t\t\t<div class=\"elementor-icon-box-wrapper\">\n\n\t\t\t\n\t\t\t\t\t\t<div class=\"elementor-icon-box-content\">\n\n\t\t\t\t\t\t\t\t\t<h4 class=\"elementor-icon-box-title\">\n\t\t\t\t\t\t<span  >\n\t\t\t\t\t\t\tZadovoljstvo korisnika\t\t\t\t\t\t<\/span>\n\t\t\t\t\t<\/h4>\n\t\t\t\t\n\t\t\t\t\t\t\t\t\t<p class=\"elementor-icon-box-description\">\n\t\t\t\t\t\tKroz posve\u0107enost kvaliteti usluga, svakom od na\u0161ih korisnika osiguravamo podr\u0161ku i sadr\u017eaj koji im je potreban.\t\t\t\t\t<\/p>\n\t\t\t\t\n\t\t\t<\/div>\n\t\t\t\n\t\t<\/div>\n\t\t\t\t\t\t<\/div>\n\t\t\t\t<\/div>\n\t\t<div class=\"elementor-element elementor-element-d1937e8 e-con-full e-flex e-con e-child\" data-id=\"d1937e8\" data-element_type=\"container\">\n\t\t\t\t<div class=\"elementor-element elementor-element-c3ef4ef elementor-widget-divider--view-line elementor-widget elementor-widget-divider\" data-id=\"c3ef4ef\" data-element_type=\"widget\" data-widget_type=\"divider.default\">\n\t\t\t\t\t\t\t<div class=\"elementor-divider\">\n\t\t\t<span class=\"elementor-divider-separator\">\n\t\t\t\t\t\t<\/span>\n\t\t<\/div>\n\t\t\t\t\t\t<\/div>\n\t\t\t\t<div class=\"elementor-element elementor-element-34408a4 elementor-widget elementor-widget-icon-box\" data-id=\"34408a4\" data-element_type=\"widget\" data-widget_type=\"icon-box.default\">\n\t\t\t\t\t\t\t<div class=\"elementor-icon-box-wrapper\">\n\n\t\t\t\n\t\t\t\t\t\t<div class=\"elementor-icon-box-content\">\n\n\t\t\t\t\t\t\t\t\t<h4 class=\"elementor-icon-box-title\">\n\t\t\t\t\t\t<span  >\n\t\t\t\t\t\t\tEdukativni sadr\u017eaj\t\t\t\t\t\t<\/span>\n\t\t\t\t\t<\/h4>\n\t\t\t\t\n\t\t\t\t\t\t\t\t\t<p class=\"elementor-icon-box-description\">\n\t\t\t\t\t\tPru\u017eamo vam korisne informacije i savjete koji \u0107e vam pomo\u0107i u va\u0161oj svakodnevnoj brizi za biljke. Uz na\u0161u podr\u0161ku, postat \u0107ete pravi stru\u010dnjak!\t\t\t\t\t<\/p>\n\t\t\t\t\n\t\t\t<\/div>\n\t\t\t\n\t\t<\/div>\n\t\t\t\t\t\t<\/div>\n\t\t\t\t<\/div>\n\t\t\t\t<\/div>\n\t\t\t\t\t<\/div>\n\t\t\t\t<\/div>\n\t\t<div class=\"elementor-element elementor-element-efc726e e-flex e-con-boxed e-con e-parent\" data-id=\"efc726e\" data-element_type=\"container\">\n\t\t\t\t\t<div class=\"e-con-inner\">\n\t\t\t\t<div class=\"elementor-element elementor-element-c4a1106 elementor-widget elementor-widget-heading\" data-id=\"c4a1106\" data-element_type=\"widget\" data-widget_type=\"heading.default\">\n\t\t\t\t\t<h2 class=\"elementor-heading-title elementor-size-default\">Iskustva klijenata<\/h2>\t\t\t\t<\/div>\n\t\t\t\t<div class=\"elementor-element elementor-element-b8ec472 elementor-widget elementor-widget-heading\" data-id=\"b8ec472\" data-element_type=\"widget\" data-widget_type=\"heading.default\">\n\t\t\t\t\t<h5 class=\"elementor-heading-title elementor-size-default\">Saznajte \u0161to na\u0161i zadovoljni klijenti misle o nama!<\/h5>\t\t\t\t<\/div>\n\t\t<div class=\"elementor-element elementor-element-92faf1d e-flex e-con-boxed e-con e-child\" data-id=\"92faf1d\" data-element_type=\"container\">\n\t\t\t\t\t<div class=\"e-con-inner\">\n\t\t<div class=\"elementor-element elementor-element-351ef43 e-con-full e-flex e-con e-child\" data-id=\"351ef43\" data-element_type=\"container\">\n\t\t<div class=\"elementor-element elementor-element-d453259 e-con-full e-flex e-con e-child\" data-id=\"d453259\" data-element_type=\"container\">\n\t\t\t\t<div class=\"elementor-element elementor-element-fa34abf elementor-star-rating--align-center elementor--star-style-star_unicode elementor-widget elementor-widget-star-rating\" data-id=\"fa34abf\" data-element_type=\"widget\" data-widget_type=\"star-rating.default\">\n\t\t\t\t\t\n\t\t<div class=\"elementor-star-rating__wrapper\">\n\t\t\t\t\t\t<div class=\"elementor-star-rating\" title=\"5\/5\" itemtype=\"http:\/\/schema.org\/Rating\" itemscope=\"\" itemprop=\"reviewRating\"><i class=\"elementor-star-full\">&#9733;<\/i><i class=\"elementor-star-full\">&#9733;<\/i><i class=\"elementor-star-full\">&#9733;<\/i><i class=\"elementor-star-full\">&#9733;<\/i><i class=\"elementor-star-full\">&#9733;<\/i> <span itemprop=\"ratingValue\" class=\"elementor-screen-only\">5\/5<\/span><\/div>\t\t<\/div>\n\t\t\t\t\t\t<\/div>\n\t\t\t\t<div class=\"elementor-element elementor-element-efbac98 elementor-widget elementor-widget-testimonial\" data-id=\"efbac98\" data-element_type=\"widget\" data-widget_type=\"testimonial.default\">\n\t\t\t\t\t\t\t<div class=\"elementor-testimonial-wrapper\">\n\t\t\t\t\t\t\t<div class=\"elementor-testimonial-content\">\"Ovaj blog je promijenio moj pogled na biljke! Puni su korisnih savjeta i inspiracije. Toplo preporu\u010dujem svima!\"<\/div>\n\t\t\t\n\t\t\t\t\t\t<div class=\"elementor-testimonial-meta\">\n\t\t\t\t<div class=\"elementor-testimonial-meta-inner\">\n\t\t\t\t\t\n\t\t\t\t\t\t\t\t\t\t<div class=\"elementor-testimonial-details\">\n\t\t\t\t\t\t\t\t\t\t\t\t\t\t<div class=\"elementor-testimonial-name\">Ana Juri\u0107, strastvena vrtlarica<\/div>\n\t\t\t\t\t\t\t\t\t\t\t\t\t\t\t\t\t\t\t<\/div>\n\t\t\t\t\t\t\t\t\t<\/div>\n\t\t\t<\/div>\n\t\t\t\t\t<\/div>\n\t\t\t\t\t\t<\/div>\n\t\t\t\t<\/div>\n\t\t<div class=\"elementor-element elementor-element-74e754c e-con-full e-flex e-con e-child\" data-id=\"74e754c\" data-element_type=\"container\">\n\t\t\t\t<div class=\"elementor-element elementor-element-3b54658 elementor-star-rating--align-center elementor--star-style-star_unicode elementor-widget elementor-widget-star-rating\" data-id=\"3b54658\" data-element_type=\"widget\" data-widget_type=\"star-rating.default\">\n\t\t\t\t\t\n\t\t<div class=\"elementor-star-rating__wrapper\">\n\t\t\t\t\t\t<div class=\"elementor-star-rating\" title=\"5\/5\" itemtype=\"http:\/\/schema.org\/Rating\" itemscope=\"\" itemprop=\"reviewRating\"><i class=\"elementor-star-full\">&#9733;<\/i><i class=\"elementor-star-full\">&#9733;<\/i><i class=\"elementor-star-full\">&#9733;<\/i><i class=\"elementor-star-full\">&#9733;<\/i><i class=\"elementor-star-full\">&#9733;<\/i> <span itemprop=\"ratingValue\" class=\"elementor-screen-only\">5\/5<\/span><\/div>\t\t<\/div>\n\t\t\t\t\t\t<\/div>\n\t\t\t\t<div class=\"elementor-element elementor-element-5d24242 elementor-widget elementor-widget-testimonial\" data-id=\"5d24242\" data-element_type=\"widget\" data-widget_type=\"testimonial.default\">\n\t\t\t\t\t\t\t<div class=\"elementor-testimonial-wrapper\">\n\t\t\t\t\t\t\t<div class=\"elementor-testimonial-content\">\"Odli\u010dan resurs za sve ljubitelje biljaka! Postovi su uvijek informativni i zanimljivi, ne mogu do\u010dekati svaki novi \u010dlanak!\"<\/div>\n\t\t\t\n\t\t\t\t\t\t<div class=\"elementor-testimonial-meta\">\n\t\t\t\t<div class=\"elementor-testimonial-meta-inner\">\n\t\t\t\t\t\n\t\t\t\t\t\t\t\t\t\t<div class=\"elementor-testimonial-details\">\n\t\t\t\t\t\t\t\t\t\t\t\t\t\t<div class=\"elementor-testimonial-name\">Marko Kova\u010d, urednik \u010dasopisa<\/div>\n\t\t\t\t\t\t\t\t\t\t\t\t\t\t\t\t\t\t\t<\/div>\n\t\t\t\t\t\t\t\t\t<\/div>\n\t\t\t<\/div>\n\t\t\t\t\t<\/div>\n\t\t\t\t\t\t<\/div>\n\t\t\t\t<\/div>\n\t\t<div class=\"elementor-element elementor-element-99e8eda e-con-full e-flex e-con e-child\" data-id=\"99e8eda\" data-element_type=\"container\">\n\t\t\t\t<div class=\"elementor-element elementor-element-3615317 elementor-star-rating--align-center elementor--star-style-star_unicode elementor-widget elementor-widget-star-rating\" data-id=\"3615317\" data-element_type=\"widget\" data-widget_type=\"star-rating.default\">\n\t\t\t\t\t\n\t\t<div class=\"elementor-star-rating__wrapper\">\n\t\t\t\t\t\t<div class=\"elementor-star-rating\" title=\"5\/5\" itemtype=\"http:\/\/schema.org\/Rating\" itemscope=\"\" itemprop=\"reviewRating\"><i class=\"elementor-star-full\">&#9733;<\/i><i class=\"elementor-star-full\">&#9733;<\/i><i class=\"elementor-star-full\">&#9733;<\/i><i class=\"elementor-star-full\">&#9733;<\/i><i class=\"elementor-star-full\">&#9733;<\/i> <span itemprop=\"ratingValue\" class=\"elementor-screen-only\">5\/5<\/span><\/div>\t\t<\/div>\n\t\t\t\t\t\t<\/div>\n\t\t\t\t<div class=\"elementor-element elementor-element-00b0935 elementor-widget elementor-widget-testimonial\" data-id=\"00b0935\" data-element_type=\"widget\" data-widget_type=\"testimonial.default\">\n\t\t\t\t\t\t\t<div class=\"elementor-testimonial-wrapper\">\n\t\t\t\t\t\t\t<div class=\"elementor-testimonial-content\">\"Iznimna stranica! Informacije su precizne i vrlo kvalitetne. Najbolji su prijatelj mojim biljkama!\"<\/div>\n\t\t\t\n\t\t\t\t\t\t<div class=\"elementor-testimonial-meta\">\n\t\t\t\t<div class=\"elementor-testimonial-meta-inner\">\n\t\t\t\t\t\n\t\t\t\t\t\t\t\t\t\t<div class=\"elementor-testimonial-details\">\n\t\t\t\t\t\t\t\t\t\t\t\t\t\t<div class=\"elementor-testimonial-name\">Petra Marijan, odu\u0161evljena \u010ditateljica<\/div>\n\t\t\t\t\t\t\t\t\t\t\t\t\t\t\t\t\t\t\t<\/div>\n\t\t\t\t\t\t\t\t\t<\/div>\n\t\t\t<\/div>\n\t\t\t\t\t<\/div>\n\t\t\t\t\t\t<\/div>\n\t\t\t\t<\/div>\n\t\t\t\t<\/div>\n\t\t\t\t\t<\/div>\n\t\t\t\t<\/div>\n\t\t\t\t\t<\/div>\n\t\t\t\t<\/div>\n\t\t<div class=\"elementor-element elementor-element-55e62db e-flex e-con-boxed e-con e-parent\" data-id=\"55e62db\" data-element_type=\"container\">\n\t\t\t\t\t<div class=\"e-con-inner\">\n\t\t<div class=\"elementor-element elementor-element-0af060c e-flex e-con-boxed e-con e-child\" data-id=\"0af060c\" data-element_type=\"container\" data-settings=\"{&quot;background_background&quot;:&quot;classic&quot;}\">\n\t\t\t\t\t<div class=\"e-con-inner\">\n\t\t\t\t<div class=\"elementor-element elementor-element-b7e3d01 elementor-widget elementor-widget-heading\" data-id=\"b7e3d01\" data-element_type=\"widget\" data-widget_type=\"heading.default\">\n\t\t\t\t\t<h2 class=\"elementor-heading-title elementor-size-default\">Javi se i otkrij \u010dari svijeta biljaka!<\/h2>\t\t\t\t<\/div>\n\t\t\t\t<div class=\"elementor-element elementor-element-4cbe6b4 elementor-widget elementor-widget-text-editor\" data-id=\"4cbe6b4\" data-element_type=\"widget\" data-widget_type=\"text-editor.default\">\n\t\t\t\t\t\t\t\t\t<p>\u017deli\u0161 saznati vi\u0161e o biljkama i kako se pravilno brinuti o njima? Tu smo da vam pomognemo! Rado \u0107emo podijeliti na\u0161e savjete i iskustva s vama. Slobodno nas kontaktiraj za dodatne informacije ili savjet, bit \u0107e nam drago pomo\u0107i vam na putu otkrivanja predivnog svijeta biljaka!<\/p>\t\t\t\t\t\t\t\t<\/div>\n\t\t\t\t<div class=\"elementor-element elementor-element-420ac91 elementor-widget__width-auto elementor-align-right elementor-widget elementor-widget-button\" data-id=\"420ac91\" data-element_type=\"widget\" data-widget_type=\"button.default\">\n\t\t\t\t\t\t\t\t\t\t<a class=\"elementor-button elementor-button-link elementor-size-sm\" href=\"#\">\n\t\t\t\t\t\t<span class=\"elementor-button-content-wrapper\">\n\t\t\t\t\t\t\t\t\t<span class=\"elementor-button-text\">Kontaktiraj nas<\/span>\n\t\t\t\t\t<\/span>\n\t\t\t\t\t<\/a>\n\t\t\t\t\t\t\t\t<\/div>\n\t\t\t\t\t<\/div>\n\t\t\t\t<\/div>\n\t\t\t\t\t<\/div>\n\t\t\t\t<\/div>\n\t\t\t\t<\/div>\n\t\t","protected":false},"excerpt":{"rendered":"<p>Otkrijte svijet biljaka Dobrodo\u0161li na na\u0161 blog posve\u0107en ljubiteljima biljaka! Neovisno jeste li tek u po\u010decima otkrivanja svoje ljubavi prema biljkama ili ste ve\u0107 strastveni kolekcionar, ovdje \u0107ete prona\u0107i sve o raznovrsnim vrstama biljaka, njihovoj njezi i odr\u017eavanju. Nudimo vam savjete, trikove i informacije kako bi va\u0161 su\u017eivot s biljkama bio \u0161to uspje\u0161niji. Saznajte vi\u0161e [&hellip;]<\/p>\n","protected":false},"author":1,"featured_media":0,"parent":0,"menu_order":0,"comment_status":"closed","ping_status":"closed","template":"","meta":{"footnotes":""},"class_list":["post-21","page","type-page","status-publish","hentry"],"_links":{"self":[{"href":"https:\/\/mmesec.mojweb.com.hr\/index.php\/wp-json\/wp\/v2\/pages\/21","targetHints":{"allow":["GET"]}}],"collection":[{"href":"https:\/\/mmesec.mojweb.com.hr\/index.php\/wp-json\/wp\/v2\/pages"}],"about":[{"href":"https:\/\/mmesec.mojweb.com.hr\/index.php\/wp-json\/wp\/v2\/types\/page"}],"author":[{"embeddable":true,"href":"https:\/\/mmesec.mojweb.com.hr\/index.php\/wp-json\/wp\/v2\/users\/1"}],"replies":[{"embeddable":true,"href":"https:\/\/mmesec.mojweb.com.hr\/index.php\/wp-json\/wp\/v2\/comments?post=21"}],"version-history":[{"count":19,"href":"https:\/\/mmesec.mojweb.com.hr\/index.php\/wp-json\/wp\/v2\/pages\/21\/revisions"}],"predecessor-version":[{"id":246,"href":"https:\/\/mmesec.mojweb.com.hr\/index.php\/wp-json\/wp\/v2\/pages\/21\/revisions\/246"}],"wp:attachment":[{"href":"https:\/\/mmesec.mojweb.com.hr\/index.php\/wp-json\/wp\/v2\/media?parent=21"}],"curies":[{"name":"wp","href":"https:\/\/api.w.org\/{rel}","templated":true}]}}